{"id":29,"date":"2025-08-04T15:38:33","date_gmt":"2025-08-04T15:38:33","guid":{"rendered":"https:\/\/massvoll-wirtschaften.de\/?page_id=29"},"modified":"2025-09-08T19:37:05","modified_gmt":"2025-09-08T19:37:05","slug":"mythen-check","status":"publish","type":"page","link":"https:\/\/massvoll-wirtschaften.de\/en\/mythen-check\/","title":{"rendered":"Myth check"},"content":{"rendered":"","protected":false},"excerpt":{"rendered":"","protected":false},"author":1,"featured_media":0,"parent":0,"menu_order":7,"comment_status":"closed","ping_status":"closed","template":"","meta":[],"class_list":["post-29","page","type-page","status-publish","hentry"],"grid":"{\r\n  \"colCount\": 12,\r\n  \"colGutter\": 1,\r\n  \"rowGutters\": [\r\n    5,\r\n    5,\r\n    5,\r\n    5,\r\n    5,\r\n    5,\r\n    5,\r\n    5,\r\n    5,\r\n    5,\r\n    5\r\n  ],\r\n  \"frameMargin\": 5,\r\n  \"leftFrameMargin\": 5,\r\n  \"rightFrameMargin\": 5,\r\n  \"topFrameMargin\": 40,\r\n  \"mus\": {\r\n    \"colGutterMu\": \"%\",\r\n    \"rowGutterMu\": \"%\",\r\n    \"topFrameMu\": \"px\",\r\n    \"bottomFrameMu\": \"%\",\r\n    \"frameMu\": \"%\"\r\n  },\r\n  \"bottomFrameMargin\": 5,\r\n  \"rowAttrs\": [\r\n    {\r\n      \"relid\": 1\r\n    },\r\n    {\r\n      \"relid\": 3\r\n    },\r\n    {\r\n      \"relid\": 5\r\n    },\r\n    {\r\n      \"relid\": 15\r\n    },\r\n    {\r\n      \"relid\": 18\r\n    },\r\n    {\r\n      \"relid\": 14\r\n    },\r\n    {\r\n      \"relid\": 13\r\n    },\r\n    {\r\n      \"relid\": 11\r\n    },\r\n    {\r\n      \"relid\": 23\r\n    },\r\n    {\r\n      \"relid\": 12\r\n    },\r\n    {\r\n      \"relid\": 25\r\n    },\r\n    {\r\n      \"relid\": 7\r\n    }\r\n  ],\r\n  \"bgColor\": null,\r\n  \"bgImage\": null,\r\n  \"cont\": [\r\n    {\r\n      \"type\": \"text\",\r\n      \"cont\": \"<p class=\\\"_Medium\\\" style=\\\"text-align: center;\\\"><span style=\\\"font-weight: 400;\\\"><span style=\\\"color: #e6e858;\\\">Wie gut kennst Du Dich schon mit Suffizienz und ma\u00dfvollem Wirtschaften aus?<\/span> <\/span><\/p><p>\u00a0<\/p><p class=\\\"_Default\\\" style=\\\"text-align: center;\\\"><span style=\\\"font-weight: 400;\\\">Starte unseren Mythen-Check und finde es heraus. <\/span><\/p>\",\r\n      \"align\": \"top\",\r\n      \"row\": 0,\r\n      \"col\": 2,\r\n      \"colspan\": 8,\r\n      \"offsetx\": 0,\r\n      \"offsety\": 0,\r\n      \"spaceabove\": 0,\r\n      \"spacebelow\": 0,\r\n      \"yvel\": 1,\r\n      \"push\": 2,\r\n      \"relid\": 2,\r\n      \"absolute_position\": false,\r\n      \"textAnimation\": {\r\n        \"enableTextAnimation\": false\r\n      }\r\n    },\r\n    {\r\n      \"type\": \"text\",\r\n      \"cont\": \"<p class=\\\"_CapsSmall\\\" style=\\\"text-align: center;\\\">Behauptung 1<\/p><p class=\\\"_Medium\\\" style=\\\"text-align: center;\\\">Suffizienz bedeutet, wir m\u00fcssten alle wie die Steinzeitmenschen leben.<\/p><p>\u00a0<\/p><p>\u00a0<\/p><p class=\\\"_CapsSmall\\\" style=\\\"text-align: center;\\\"><span style=\\\"color: #e6e858;\\\">RICHTIG ODER FALSCH?<br \/><span style=\\\"color: #000000;\\\">KLICKE WEITER ZUR AUFL\u00d6SUNG.<\/span><\/span><\/p>\",\r\n      \"align\": \"top\",\r\n      \"row\": 1,\r\n      \"col\": 2,\r\n      \"colspan\": 8,\r\n      \"offsetx\": 0,\r\n      \"offsety\": 0,\r\n      \"spaceabove\": 0,\r\n      \"spacebelow\": 0,\r\n      \"yvel\": 1,\r\n      \"push\": 2,\r\n      \"relid\": 4,\r\n      \"absolute_position\": false\r\n    },\r\n    {\r\n      \"type\": \"text\",\r\n      \"cont\": \"<p class=\\\"_Medium\\\" style=\\\"text-align: center;\\\"><span style=\\\"font-weight: 400; color: #e6e858;\\\">Falsch.<\/span><\/p><p>\u00a0<\/p><p style=\\\"text-align: center;\\\"><span style=\\\"font-weight: 400;\\\">Suffizienz bedeutet: ein gutes Leben f\u00fcr alle. Damit das m\u00f6glich ist, m\u00fcssten vor allem jene, die \u00fcberdurchschnittlich viel konsumieren, ihren Verbrauch reduzieren. Wenn alle Menschen so leben w\u00fcrden wie die Deutschen, w\u00e4ren 3 Planeten n\u00f6tig, um diesen Lebensstil dauerhaft zu erm\u00f6glichen. <\/span><\/p><p>\u00a0<\/p><p style=\\\"text-align: center;\\\"><span style=\\\"font-weight: 400;\\\">Suffizienz hei\u00dft deshalb auch: anders leben \u2013 mit weniger Fokus auf Konsum und mehr Wertsch\u00e4tzung f\u00fcr immaterielle G\u00fcter wie Bildung, Pflege und Kultur. Moderne Errungenschaften wie Medizin und Technologie sollen dabei\u00a0durch geeignete politische Steuerung f\u00fcr alle zug\u00e4nglich bleiben.<\/span><\/p>\",\r\n      \"align\": \"top\",\r\n      \"row\": 2,\r\n      \"col\": 2,\r\n      \"colspan\": 8,\r\n      \"offsetx\": 0,\r\n      \"offsety\": 0,\r\n      \"spaceabove\": 0,\r\n      \"spacebelow\": 0,\r\n      \"yvel\": 1,\r\n      \"push\": 2,\r\n      \"relid\": 6,\r\n      \"absolute_position\": false,\r\n      \"frameOverflow\": \"\",\r\n      \"textAnimation\": {\r\n        \"enableTextAnimation\": false\r\n      }\r\n    },\r\n    {\r\n      \"type\": \"text\",\r\n      \"cont\": \"<p class=\\\"_CapsSmall\\\" style=\\\"text-align: center;\\\">Behauptung 2<\/p><p class=\\\"_Medium\\\" style=\\\"text-align: center;\\\">Ma\u00dfvolles Wirtschaften ist in allen Branchen der Wirtschaft m\u00f6glich.<\/p><p>\u00a0<\/p><p>\u00a0<\/p><p class=\\\"_CapsSmall\\\" style=\\\"text-align: center;\\\"><span style=\\\"color: #e6e858;\\\">RICHTIG ODER FALSCH?<br \/><span style=\\\"color: #000000;\\\">KLICKE WEITER ZUR AUFL\u00d6SUNG.<\/span><br \/><\/span><\/p>\",\r\n      \"align\": \"top\",\r\n      \"row\": 3,\r\n      \"col\": 2,\r\n      \"colspan\": 8,\r\n      \"offsetx\": 0,\r\n      \"offsety\": 0,\r\n      \"spaceabove\": 0,\r\n      \"spacebelow\": 0,\r\n      \"yvel\": 1,\r\n      \"push\": 2,\r\n      \"relid\": 16,\r\n      \"absolute_position\": false,\r\n      \"frameOverflow\": \"\"\r\n    },\r\n    {\r\n      \"type\": \"text\",\r\n      \"cont\": \"<p class=\\\"_Medium\\\" style=\\\"text-align: center;\\\"><span style=\\\"font-weight: 400; color: #e6e858;\\\">Richtig.<\/span><\/p><p>\u00a0<\/p><p style=\\\"text-align: center;\\\">Die Strategien, mit denen Unternehmen ma\u00dfvolles Wirtschaften umsetzen k\u00f6nnen, sind vielf\u00e4ltig \u2013 und sowohl f\u00fcr das produzierende Gewerbe als auch f\u00fcr Dienstleistungsunternehmen relevant.<\/p><p>\u00a0<\/p><p style=\\\"text-align: center;\\\">In der Datenbank <span>\u201e<\/span><a rel=\\\"noopener\\\" href=\\\"https:\/\/www.circularx.eu\/en\/tool\/26\/business-for-sufficiency-database\\\" target=\\\"_blank\\\">Business for sufficiency<\/a><span>\u201c<\/span> findest Du konkrete Beispiele aus Branchen wie dem Baugewerbe, der Modeindustrie oder der Unternehmensberatung, die zeigen, wie solche Strategien in der Praxis aussehen k\u00f6nnen.\u00a0<\/p>\",\r\n      \"align\": \"top\",\r\n      \"row\": 4,\r\n      \"col\": 2,\r\n      \"colspan\": 8,\r\n      \"offsetx\": 0,\r\n      \"offsety\": 0,\r\n      \"spaceabove\": 0,\r\n      \"spacebelow\": 0,\r\n      \"yvel\": 1,\r\n      \"push\": 2,\r\n      \"relid\": 19,\r\n      \"absolute_position\": false,\r\n      \"textAnimation\": {\r\n        \"enableTextAnimation\": false\r\n      }\r\n    },\r\n    {\r\n      \"type\": \"text\",\r\n      \"cont\": \"<p class=\\\"_CapsSmall\\\" style=\\\"text-align: center;\\\">Behauptung 3<\/p><p class=\\\"_Medium\\\" style=\\\"text-align: center;\\\">Wenn mein Unternehmen ma\u00dfvoll wirtschaftet, darf es nicht wachsen.<\/p><p>\u00a0<\/p><p>\u00a0<\/p><p class=\\\"_CapsSmall\\\" style=\\\"text-align: center;\\\"><span style=\\\"color: #e6e858;\\\">RICHTIG ODER FALSCH?<br \/><span style=\\\"color: #000000;\\\">KLICKE WEITER ZUR AUFL\u00d6SUNG.<\/span><br \/><\/span><\/p>\",\r\n      \"align\": \"top\",\r\n      \"row\": 5,\r\n      \"col\": 2,\r\n      \"colspan\": 8,\r\n      \"offsetx\": 0,\r\n      \"offsety\": 0,\r\n      \"spaceabove\": 0,\r\n      \"spacebelow\": 0,\r\n      \"yvel\": 1,\r\n      \"push\": 2,\r\n      \"relid\": 17,\r\n      \"absolute_position\": false,\r\n      \"textAnimation\": {\r\n        \"enableTextAnimation\": false\r\n      }\r\n    },\r\n    {\r\n      \"type\": \"text\",\r\n      \"cont\": \"<p class=\\\"_Medium\\\" style=\\\"text-align: center;\\\"><span style=\\\"font-weight: 400; color: #e6e858;\\\">Falsch.<\/span><\/p><p>\u00a0<\/p><p style=\\\"text-align: center;\\\">Ma\u00dfvolles Wirtschaften und Suffizienz bedeuten nicht, dass Unternehmen nicht mehr wachsen d\u00fcrfen. In suffizienzorientierten Unternehmen wird Wachstum allerdings nicht priorisiert. Statt auf reines Gewinnstreben setzen diese Unternehmen darauf, auf nachhaltige Weise gesellschaftlichen Mehrwert zu schaffen.<\/p><p>\u00a0<\/p><p style=\\\"text-align: center;\\\">Dabei gehen sie ganz unterschiedlich mit dem Thema Wachstum um: Zum Beispiel streben einige bewusst Wachstum an, um nicht-nachhaltige Konkurrenten vom Markt zu verdr\u00e4ngen. Andere wiederum sehen Wachstum nicht als notwendig an \u2013 sie unterst\u00fctzen lieber gleichgesinnte Unternehmen, um gemeinsam als Gruppe an Einfluss zu gewinnen.<\/p><p>\u00a0<\/p><p style=\\\"text-align: center;\\\">Mehr Informationen zur Rolle von Wachstum in suffizienzorientierten Unternehmen findest Du im Paper <span>\u201e<\/span><a rel=\\\"noopener\\\" href=\\\"https:\/\/www.nomos-elibrary.de\/de\/10.5771\/1439-880X-2025-2-234\/how-to-survive-in-a-growth-oriented-economy-findings-of-a-semi-systematic-literature-review-on-the-role-of-growth-for-sufficiency-oriented-businesses-jahrgang-26-2025-heft-2?page=1\\\" target=\\\"_blank\\\">How to Survive in a Growth-Oriented Economy (2025)<\/a><span>\u201c<\/span>.<\/p>\",\r\n      \"align\": \"top\",\r\n      \"row\": 6,\r\n      \"col\": 2,\r\n      \"colspan\": 8,\r\n      \"offsetx\": 0,\r\n      \"offsety\": 0,\r\n      \"spaceabove\": 0,\r\n      \"spacebelow\": 0,\r\n      \"yvel\": 1,\r\n      \"push\": 2,\r\n      \"relid\": 20,\r\n      \"absolute_position\": false,\r\n      \"textAnimation\": {\r\n        \"enableTextAnimation\": false\r\n      }\r\n    },\r\n    {\r\n      \"type\": \"text\",\r\n      \"cont\": \"<p class=\\\"_CapsSmall\\\" style=\\\"text-align: center;\\\">Behauptung 4<\/p><p class=\\\"_Medium\\\" style=\\\"text-align: center;\\\">Ma\u00dfvolles Wirtschaften ist nur in kleinen Unternehmen m\u00f6glich \u2013 gro\u00dfe Firmen k\u00f6nnen das nicht.<\/p><p>\u00a0<\/p><p>\u00a0<\/p><p class=\\\"_CapsSmall\\\" style=\\\"text-align: center;\\\"><span style=\\\"color: #e6e858;\\\">RICHTIG ODER FALSCH?<br \/><span style=\\\"color: #000000;\\\">KLICKE WEITER ZUR AUFL\u00d6SUNG.<\/span><br \/><\/span><\/p>\",\r\n      \"align\": \"top\",\r\n      \"row\": 7,\r\n      \"col\": 2,\r\n      \"colspan\": 8,\r\n      \"offsetx\": 0,\r\n      \"offsety\": 0,\r\n      \"spaceabove\": 0,\r\n      \"spacebelow\": 0,\r\n      \"yvel\": 1,\r\n      \"push\": 2,\r\n      \"relid\": 22,\r\n      \"absolute_position\": false,\r\n      \"frameOverflow\": \"\",\r\n      \"textAnimation\": {\r\n        \"enableTextAnimation\": false\r\n      }\r\n    },\r\n    {\r\n      \"type\": \"text\",\r\n      \"cont\": \"<p class=\\\"_Medium\\\" style=\\\"text-align: center;\\\"><span style=\\\"font-weight: 400; color: #e6e858;\\\">Falsch.<\/span><\/p><p>\u00a0<\/p><p style=\\\"text-align: center;\\\">Zwar sind viele Unternehmen, die suffizienzorientiert wirtschaften, kleine und mittelst\u00e4ndische Unternehmen, doch es gibt auch Beispiele gro\u00dfer Unternehmen, die sich dem Prinzip der Suffizienz verpflichten.<\/p><p>\u00a0<\/p><p style=\\\"text-align: center;\\\">Ein bekanntes Beispiel ist das US-amerikanische Outdoor-Unternehmen Patagonia: Vor einigen Jahren ver\u00f6ffentlichte es am Black Friday eine vielbeachtete Anzeige mit dem Aufruf \u201eDon\u2019t buy this jacket\u201c. Ziel war es, Konsument*innen zum Nachdenken \u00fcber ihren tats\u00e4chlichen Bedarf anzuregen. Seitdem boykottiert Patagonia den umsatzstarken Verkaufstag und f\u00f6rdert einen bewussteren Konsum \u2013 unter anderem durch Reparaturservices, Second-Hand-Angebote und langlebige Produktgestaltung.<\/p>\",\r\n      \"align\": \"top\",\r\n      \"row\": 8,\r\n      \"col\": 2,\r\n      \"colspan\": 8,\r\n      \"offsetx\": 0,\r\n      \"offsety\": 0,\r\n      \"spaceabove\": 0,\r\n      \"spacebelow\": 0,\r\n      \"yvel\": 1,\r\n      \"push\": 2,\r\n      \"relid\": 24,\r\n      \"absolute_position\": false,\r\n      \"textAnimation\": {\r\n        \"enableTextAnimation\": false\r\n      }\r\n    },\r\n    {\r\n      \"type\": \"text\",\r\n      \"cont\": \"<p class=\\\"_CapsSmall\\\" style=\\\"text-align: center;\\\">Behauptung 5<\/p><p class=\\\"_Medium\\\" style=\\\"text-align: center;\\\">Sogar das franz\u00f6sische McDonald\u2019s hat eine Suffizienzstrategie.<\/p><p>\u00a0<\/p><p>\u00a0<\/p><p class=\\\"_CapsSmall\\\" style=\\\"text-align: center;\\\"><span style=\\\"color: #e6e858;\\\">RICHTIG ODER FALSCH?<br \/><span style=\\\"color: #000000;\\\">KLICKE WEITER ZUR AUFL\u00d6SUNG.<\/span><br \/><\/span><\/p>\",\r\n      \"align\": \"top\",\r\n      \"row\": 9,\r\n      \"col\": 2,\r\n      \"colspan\": 8,\r\n      \"offsetx\": 0,\r\n      \"offsety\": 0,\r\n      \"spaceabove\": 0,\r\n      \"spacebelow\": 0,\r\n      \"yvel\": 1,\r\n      \"push\": 2,\r\n      \"relid\": 21,\r\n      \"absolute_position\": false,\r\n      \"textAnimation\": {\r\n        \"enableTextAnimation\": false\r\n      }\r\n    },\r\n    {\r\n      \"type\": \"text\",\r\n      \"cont\": \"<p class=\\\"_Medium\\\" style=\\\"text-align: center;\\\"><span style=\\\"font-weight: 400; color: #e6e858;\\\">Richtig.<\/span><\/p><p>\u00a0<\/p><p style=\\\"text-align: center;\\\">In Frankreich ist das Konzept der Suffizienz (\u201esobri\u00e9t\u00e9\u201c) seit der Energiekrise 2022 in der breiten Gesellschaft angekommen. Damals rief die Politik dazu auf, Energie zu sparen \u2013 und betonte, dass man nur das konsumieren solle, was wirklich n\u00f6tig ist. Suffizienz wurde dadurch zu einem politischen Thema. Seitdem ist der Begriff auch in Unternehmen angekommen \u2013 sogar bei Konzernen wie McDonald's. Das Unternehmen pr\u00e4sentierte eine Suffizienzstrategie, um seinen Energieverbrauch zu senken.<\/p><p>\u00a0<\/p><p style=\\\"text-align: center;\\\">Doch Suffizienz bedeutet mehr als nur Energiesparen: Auch der Verbrauch von nat\u00fcrlichen Ressourcen wie Wasser und Wertstoffen wie Metall oder Plastik muss reduziert werden. Hier besteht bei McDonald\u2019s bekannterma\u00dfen Nachholbedarf.<\/p>\",\r\n      \"align\": \"top\",\r\n      \"row\": 10,\r\n      \"col\": 2,\r\n      \"colspan\": 8,\r\n      \"offsetx\": 0,\r\n      \"offsety\": 0,\r\n      \"spaceabove\": 0,\r\n      \"spacebelow\": 0,\r\n      \"yvel\": 1,\r\n      \"push\": 2,\r\n      \"relid\": 26,\r\n      \"absolute_position\": false,\r\n      \"textAnimation\": {\r\n        \"enableTextAnimation\": false\r\n      }\r\n    },\r\n    {\r\n      \"type\": \"text\",\r\n      \"cont\": \"<p class=\\\"_Default\\\" style=\\\"text-align: center;\\\">Und, konntest Du alle Mythen korrekt aufl\u00f6sen?\u00a0<\/p><p>\u00a0<\/p><p class=\\\"_Default\\\" style=\\\"text-align: center;\\\"><a class=\\\"laybutton2 laybutton\\\" href=\\\"https:\/\/massvoll-wirtschaften.de\/home\/\\\" data-id=\\\"9\\\" data-title=\\\"Home\\\" data-type=\\\"page\\\">Zur\u00fcck zur Startseite<\/a><\/p>\",\r\n      \"align\": \"top\",\r\n      \"row\": 11,\r\n      \"col\": 3,\r\n      \"colspan\": 6,\r\n      \"offsetx\": 0,\r\n      \"offsety\": 0,\r\n      \"spaceabove\": 0,\r\n      \"spacebelow\": 0,\r\n      \"yvel\": 1,\r\n      \"push\": 3,\r\n      \"relid\": 8,\r\n      \"absolute_position\": false,\r\n      \"textAnimation\": {\r\n        \"enableTextAnimation\": false\r\n      },\r\n      \"frameOverflow\": \"\"\r\n    }\r\n  ]\r\n}","phonegrid":"","_links":{"self":[{"href":"https:\/\/massvoll-wirtschaften.de\/en\/wp-json\/wp\/v2\/pages\/29","targetHints":{"allow":["GET"]}}],"collection":[{"href":"https:\/\/massvoll-wirtschaften.de\/en\/wp-json\/wp\/v2\/pages"}],"about":[{"href":"https:\/\/massvoll-wirtschaften.de\/en\/wp-json\/wp\/v2\/types\/page"}],"author":[{"embeddable":true,"href":"https:\/\/massvoll-wirtschaften.de\/en\/wp-json\/wp\/v2\/users\/1"}],"replies":[{"embeddable":true,"href":"https:\/\/massvoll-wirtschaften.de\/en\/wp-json\/wp\/v2\/comments?post=29"}],"version-history":[{"count":0,"href":"https:\/\/massvoll-wirtschaften.de\/en\/wp-json\/wp\/v2\/pages\/29\/revisions"}],"wp:attachment":[{"href":"https:\/\/massvoll-wirtschaften.de\/en\/wp-json\/wp\/v2\/media?parent=29"}],"curies":[{"name":"wp","href":"https:\/\/api.w.org\/{rel}","templated":true}]}}